{"id":2290,"date":"2024-10-05T08:02:54","date_gmt":"2024-10-05T08:02:54","guid":{"rendered":"http:\/\/globayi.cluster100.hosting.ovh.net\/?post_type=product&#038;p=2290"},"modified":"2025-11-25T16:44:51","modified_gmt":"2025-11-25T16:44:51","slug":"mens-casual-shirt","status":"publish","type":"product","link":"https:\/\/www.global-sports.fr\/fr\/produit\/mens-casual-shirt\/","title":{"rendered":"Men&#8217;s Casual Shirt"},"content":{"rendered":"<div data-elementor-type=\"wp-post\" data-elementor-id=\"2290\" class=\"elementor elementor-2290\">\n\t\t\t\t\t\t<section class=\"elementor-section elementor-top-section elementor-element elementor-element-dc05926 elementor-section-boxed elementor-section-height-default elementor-section-height-default\" data-id=\"dc05926\" data-element_type=\"section\">\n\t\t\t\t\t\t<div class=\"elementor-container elementor-column-gap-no\">\n\t\t\t\t\t<div class=\"elementor-column elementor-col-100 elementor-top-column elementor-element elementor-element-5ada8ae\" data-id=\"5ada8ae\" data-element_type=\"column\">\n\t\t\t<div class=\"elementor-widget-wrap elementor-element-populated\">\n\t\t\t\t\t\t<section class=\"elementor-section elementor-inner-section elementor-element elementor-element-3d68cff elementor-section-full_width elementor-section-height-default elementor-section-height-default\" data-id=\"3d68cff\" data-element_type=\"section\">\n\t\t\t\t\t\t<div class=\"elementor-container elementor-column-gap-no\">\n\t\t\t\t\t<div class=\"elementor-column elementor-col-50 elementor-inner-column elementor-element elementor-element-711123f\" data-id=\"711123f\" data-element_type=\"column\">\n\t\t\t<div class=\"elementor-widget-wrap\">\n\t\t\t\t\t\t\t<\/div>\n\t\t<\/div>\n\t\t\t\t<div class=\"elementor-column elementor-col-50 elementor-inner-column elementor-element elementor-element-8539bbd\" data-id=\"8539bbd\" data-element_type=\"column\">\n\t\t\t<div class=\"elementor-widget-wrap elementor-element-populated\">\n\t\t\t\t\t\t<div class=\"elementor-element elementor-element-4d45536 elementor-icon-list--layout-traditional elementor-list-item-link-full_width elementor-widget elementor-widget-icon-list\" data-id=\"4d45536\" data-element_type=\"widget\" data-widget_type=\"icon-list.default\">\n\t\t\t\t\t\t\t\t\t<ul class=\"elementor-icon-list-items\">\n\t\t\t\t\t\t\t<li class=\"elementor-icon-list-item\">\n\t\t\t\t\t\t\t\t\t\t\t<span class=\"elementor-icon-list-icon\">\n\t\t\t\t\t\t\t<svg xmlns=\"http:\/\/www.w3.org\/2000\/svg\" width=\"21\" height=\"21\" viewbox=\"0 0 21 21\" fill=\"none\"><g clip-path=\"url(#clip0_826_5298)\"><mask id=\"mask0_826_5298\" style=\"mask-type:luminance\" maskunits=\"userSpaceOnUse\" x=\"0\" y=\"0\" width=\"21\" height=\"21\"><path d=\"M21 0H0V21H21V0Z\" fill=\"white\"><\/path><\/mask><g mask=\"url(#mask0_826_5298)\"><path d=\"M10.3355 9.08846e-05C8.21972 9.08846e-05 6.19801 0.61208 4.47251 1.75239L4.58571 0.932572C4.64769 0.483784 4.33408 0.0697346 3.8853 0.00780173C3.43683 -0.0541315 3.0225 0.25943 2.96053 0.708217L2.56243 3.59134C2.51424 3.94038 2.69433 4.28126 3.00991 4.4381C3.32552 4.59495 3.70598 4.53273 3.95506 4.2836C5.65933 2.57933 7.92529 1.64074 10.3355 1.64074C15.3225 1.64074 19.3589 5.67646 19.3589 10.6641C19.3589 11.1171 19.7261 11.4844 20.1792 11.4844C20.6322 11.4844 20.9995 11.1171 20.9995 10.6641C20.9995 4.77045 16.23 9.08846e-05 10.3355 9.08846e-05Z\" fill=\"currentcolor\"><\/path><path d=\"M17.9896 16.5619C17.674 16.405 17.2936 16.4672 17.0444 16.7164C15.3401 18.4206 13.0742 19.3592 10.664 19.3592C5.67689 19.3592 1.64061 15.3234 1.64061 10.3359C1.64061 9.88286 1.27336 9.51562 0.820303 9.51562C0.36725 9.51562 0 9.88286 0 10.3359C0 16.2295 4.76945 20.9999 10.664 20.9999C12.7798 20.9999 14.8015 20.3879 16.527 19.2476L16.4138 20.0674C16.3518 20.5162 16.6654 20.9303 17.1142 20.9922C17.5628 21.0542 17.9771 20.7407 18.039 20.2918L18.4371 17.4087C18.4852 17.0595 18.3052 16.7187 17.9896 16.5619Z\" fill=\"currentcolor\"><\/path><path d=\"M13.7812 16.2421C15.1381 16.2421 16.2421 15.1381 16.2421 13.7812V7.21872C16.2421 5.8618 15.1381 4.75781 13.7812 4.75781H7.21872C5.8618 4.75781 4.75781 5.8618 4.75781 7.21872V13.7812C4.75781 15.1381 5.8618 16.2421 7.21872 16.2421H13.7812ZM6.39843 13.7812V7.21872C6.39843 6.76641 6.76641 6.39843 7.21872 6.39843H9.67965V8.8593C9.67965 9.31237 10.0469 9.67965 10.4999 9.67965C10.953 9.67965 11.3202 9.31237 11.3202 8.8593V6.39843H13.7812C14.2335 6.39843 14.6015 6.76641 14.6015 7.21872V13.7812C14.6015 14.2335 14.2335 14.6015 13.7812 14.6015H7.21872C6.76647 14.6015 6.39843 14.2335 6.39843 13.7812Z\" fill=\"currentcolor\"><\/path><\/g><\/g><defs><clippath id=\"clip0_826_5298\"><rect width=\"21\" height=\"21\" fill=\"white\"><\/rect><\/clippath><\/defs><\/svg>\t\t\t\t\t\t<\/span>\n\t\t\t\t\t\t\t\t\t\t<span class=\"elementor-icon-list-text\">Retour gratuit dans un d\u00e9lai de\u00a0<strong>30 jours<\/strong>\u00a0d'achat.<\/span>\n\t\t\t\t\t\t\t\t\t<\/li>\n\t\t\t\t\t\t\t\t<li class=\"elementor-icon-list-item\">\n\t\t\t\t\t\t\t\t\t\t\t<span class=\"elementor-icon-list-icon\">\n\t\t\t\t\t\t\t<svg xmlns=\"http:\/\/www.w3.org\/2000\/svg\" width=\"21\" height=\"21\" viewbox=\"0 0 21 21\" fill=\"none\"><path d=\"M19.3594 10.6411V9.67971C19.3594 8.32273 18.2554 7.21873 16.8984 7.21873H14.4375V4.75782C14.4375 3.40086 13.3335 2.29688 11.9766 2.29688H2.46094C1.10398 2.29688 0 3.40086 0 4.75782V16.2422C0 16.6953 0.367254 17.0625 0.820314 17.0625H1.78172C2.12034 18.0173 3.03216 18.7031 4.10156 18.7031C5.17096 18.7031 6.08273 18.0173 6.42142 17.0625H14.5786C14.9173 18.0173 15.8291 18.7031 16.8985 18.7031C17.9679 18.7031 18.8796 18.0173 19.2183 17.0625H20.1797C20.6328 17.0625 21 16.6953 21 16.2422V12.9609C21 11.8916 20.3142 10.9797 19.3594 10.6411ZM16.8984 8.85937C17.3507 8.85937 17.7187 9.22735 17.7187 9.67971V10.5H14.4375V8.85937H16.8984ZM1.64063 4.75782C1.64063 4.30549 2.00862 3.9375 2.46094 3.9375H11.9766C12.4289 3.9375 12.7969 4.30549 12.7969 4.75782V15.4219H6.42142C6.08278 14.4671 5.17096 13.7813 4.10156 13.7813C3.03216 13.7813 2.12039 14.4671 1.78172 15.4219H1.64063V4.75782ZM4.10156 17.0625C3.64924 17.0625 3.28125 16.6945 3.28125 16.2422C3.28125 15.7899 3.64924 15.4219 4.10156 15.4219C4.55388 15.4219 4.92187 15.7899 4.92187 16.2422C4.92187 16.6945 4.55388 17.0625 4.10156 17.0625ZM16.8984 17.0625C16.4461 17.0625 16.0781 16.6945 16.0781 16.2422C16.0781 15.7899 16.4461 15.4219 16.8984 15.4219C17.3507 15.4219 17.7187 15.7899 17.7187 16.2422C17.7187 16.6945 17.3507 17.0625 16.8984 17.0625ZM19.3594 15.4219H19.2183C18.8796 14.4671 17.9678 13.7813 16.8984 13.7813C15.829 13.7813 14.9173 14.4671 14.5786 15.4219H14.4375V12.1406H18.5391C18.9914 12.1406 19.3594 12.5086 19.3594 12.9609V15.4219Z\" fill=\"currentcolor\"><\/path><path d=\"M4.10156 7.21871H7.38279C7.83586 7.21871 8.20314 6.85148 8.20314 6.39842C8.20314 5.94536 7.83586 5.57812 7.38279 5.57812H4.10156C3.6485 5.57812 3.28125 5.94536 3.28125 6.39842C3.28125 6.85148 3.6485 7.21871 4.10156 7.21871Z\" fill=\"currentcolor\"><\/path><path d=\"M4.92188 9.67972C4.92188 10.1328 5.28913 10.5 5.74221 10.5H9.02343C9.47649 10.5 9.84372 10.1328 9.84372 9.67972C9.84372 9.22666 9.47649 8.85938 9.02343 8.85938H5.74221C5.28913 8.85938 4.92188 9.22666 4.92188 9.67972Z\" fill=\"currentcolor\"><\/path><path d=\"M6.5625 12.9609C6.5625 13.414 6.92973 13.7813 7.38279 13.7813H10.6641C11.1171 13.7813 11.4844 13.414 11.4844 12.9609C11.4844 12.5079 11.1171 12.1406 10.6641 12.1406H7.38279C6.92973 12.1406 6.5625 12.5079 6.5625 12.9609Z\" fill=\"currentcolor\"><\/path><\/svg>\t\t\t\t\t\t<\/span>\n\t\t\t\t\t\t\t\t\t\t<span class=\"elementor-icon-list-text\">Estimer les d\u00e9lais de livraison :\u00a0<strong>12-26 jours<\/strong>\u00a0(International)<\/span>\n\t\t\t\t\t\t\t\t\t<\/li>\n\t\t\t\t\t\t<\/ul>\n\t\t\t\t\t\t<\/div>\n\t\t\t\t<section class=\"elementor-section elementor-inner-section elementor-element elementor-element-ef6e43c elementor-section-full_width elementor-section-height-default elementor-section-height-default\" data-id=\"ef6e43c\" data-element_type=\"section\" data-settings=\"{&quot;background_background&quot;:&quot;classic&quot;}\">\n\t\t\t\t\t\t<div class=\"elementor-container elementor-column-gap-no\">\n\t\t\t\t\t<div class=\"elementor-column elementor-col-100 elementor-inner-column elementor-element elementor-element-9f5c3bd\" data-id=\"9f5c3bd\" data-element_type=\"column\">\n\t\t\t<div class=\"elementor-widget-wrap elementor-element-populated\">\n\t\t\t\t\t\t<div class=\"elementor-element elementor-element-1fc9fd0 elementor-widget__width-initial elementor-widget elementor-widget-image\" data-id=\"1fc9fd0\" data-element_type=\"widget\" data-widget_type=\"image.default\">\n\t\t\t\t\t\t\t\t\t\t\t\t\t\t\t\t\t<img decoding=\"async\" width=\"574\" height=\"32\" src=\"https:\/\/www.global-sports.fr\/wp-content\/uploads\/2024\/07\/payment_methods_badges.png\" class=\"attachment-full size-full wp-image-410\" alt=\"\" \/>\t\t\t\t\t\t\t\t\t\t\t\t\t\t\t<\/div>\n\t\t\t\t<div class=\"elementor-element elementor-element-eaf3d2a elementor-widget__width-initial elementor-widget elementor-widget-text-editor\" data-id=\"eaf3d2a\" data-element_type=\"widget\" data-widget_type=\"text-editor.default\">\n\t\t\t\t\t\t\t\t\t\t\t<p>Garantir un paiement s\u00fbr et s\u00e9curis\u00e9<\/p>\t\t\t\t\t\t\t\t<\/div>\n\t\t\t\t\t<\/div>\n\t\t<\/div>\n\t\t\t\t\t<\/div>\n\t\t<\/section>\n\t\t\t\t\t<\/div>\n\t\t<\/div>\n\t\t\t\t\t<\/div>\n\t\t<\/section>\n\t\t\t\t\t<\/div>\n\t\t<\/div>\n\t\t\t\t\t<\/div>\n\t\t<\/section>\n\t\t\t\t<section class=\"elementor-section elementor-top-section elementor-element elementor-element-076aaea elementor-section-boxed elementor-section-height-default elementor-section-height-default\" data-id=\"076aaea\" data-element_type=\"section\">\n\t\t\t\t\t\t<div class=\"elementor-container elementor-column-gap-no\">\n\t\t\t\t\t<div class=\"elementor-column elementor-col-100 elementor-top-column elementor-element elementor-element-82eff84\" data-id=\"82eff84\" data-element_type=\"column\">\n\t\t\t<div class=\"elementor-widget-wrap elementor-element-populated\">\n\t\t\t\t\t\t<section class=\"elementor-section elementor-inner-section elementor-element elementor-element-aef3a09 elementor-section-full_width elementor-section-height-default elementor-section-height-default\" data-id=\"aef3a09\" data-element_type=\"section\">\n\t\t\t\t\t\t<div class=\"elementor-container elementor-column-gap-no\">\n\t\t\t\t\t<div class=\"elementor-column elementor-col-100 elementor-inner-column elementor-element elementor-element-e256770\" data-id=\"e256770\" data-element_type=\"column\">\n\t\t\t<div class=\"elementor-widget-wrap\">\n\t\t\t\t\t\t\t<\/div>\n\t\t<\/div>\n\t\t\t\t\t<\/div>\n\t\t<\/section>\n\t\t\t\t\t<\/div>\n\t\t<\/div>\n\t\t\t\t\t<\/div>\n\t\t<\/section>\n\t\t\t\t<section class=\"elementor-section elementor-top-section elementor-element elementor-element-68d3aa7 elementor-section-boxed elementor-section-height-default elementor-section-height-default\" data-id=\"68d3aa7\" data-element_type=\"section\">\n\t\t\t\t\t\t<div class=\"elementor-container elementor-column-gap-no\">\n\t\t\t\t\t<div class=\"elementor-column elementor-col-100 elementor-top-column elementor-element elementor-element-dcc380a\" data-id=\"dcc380a\" data-element_type=\"column\">\n\t\t\t<div class=\"elementor-widget-wrap elementor-element-populated\">\n\t\t\t\t\t\t<section class=\"elementor-section elementor-inner-section elementor-element elementor-element-12bdb6e elementor-section-full_width elementor-section-height-default elementor-section-height-default\" data-id=\"12bdb6e\" data-element_type=\"section\">\n\t\t\t\t\t\t<div class=\"elementor-container elementor-column-gap-no\">\n\t\t\t\t\t<div class=\"elementor-column elementor-col-33 elementor-inner-column elementor-element elementor-element-7825e5c\" data-id=\"7825e5c\" data-element_type=\"column\">\n\t\t\t<div class=\"elementor-widget-wrap\">\n\t\t\t\t\t\t\t<\/div>\n\t\t<\/div>\n\t\t\t\t<div class=\"elementor-column elementor-col-33 elementor-inner-column elementor-element elementor-element-c02701b\" data-id=\"c02701b\" data-element_type=\"column\">\n\t\t\t<div class=\"elementor-widget-wrap\">\n\t\t\t\t\t\t\t<\/div>\n\t\t<\/div>\n\t\t\t\t<div class=\"elementor-column elementor-col-33 elementor-inner-column elementor-element elementor-element-92fb7a6\" data-id=\"92fb7a6\" data-element_type=\"column\">\n\t\t\t<div class=\"elementor-widget-wrap\">\n\t\t\t\t\t\t\t<\/div>\n\t\t<\/div>\n\t\t\t\t\t<\/div>\n\t\t<\/section>\n\t\t\t\t<section class=\"elementor-section elementor-inner-section elementor-element elementor-element-38ca434 elementor-section-full_width elementor-section-height-default elementor-section-height-default\" data-id=\"38ca434\" data-element_type=\"section\">\n\t\t\t\t\t\t<div class=\"elementor-container elementor-column-gap-no\">\n\t\t\t\t\t<div class=\"elementor-column elementor-col-100 elementor-inner-column elementor-element elementor-element-7388477\" data-id=\"7388477\" data-element_type=\"column\">\n\t\t\t<div class=\"elementor-widget-wrap\">\n\t\t\t\t\t\t\t<\/div>\n\t\t<\/div>\n\t\t\t\t\t<\/div>\n\t\t<\/section>\n\t\t\t\t\t<\/div>\n\t\t<\/div>\n\t\t\t\t\t<\/div>\n\t\t<\/section>\n\t\t\t\t<section class=\"elementor-section elementor-top-section elementor-element elementor-element-728afe3 elementor-section-boxed elementor-section-height-default elementor-section-height-default\" data-id=\"728afe3\" data-element_type=\"section\">\n\t\t\t\t\t\t<div class=\"elementor-container elementor-column-gap-no\">\n\t\t\t\t\t<div class=\"elementor-column elementor-col-100 elementor-top-column elementor-element elementor-element-f876a24\" data-id=\"f876a24\" data-element_type=\"column\">\n\t\t\t<div class=\"elementor-widget-wrap elementor-element-populated\">\n\t\t\t\t\t\t<section class=\"elementor-section elementor-inner-section elementor-element elementor-element-69c85bc elementor-section-full_width elementor-section-height-default elementor-section-height-default\" data-id=\"69c85bc\" data-element_type=\"section\">\n\t\t\t\t\t\t<div class=\"elementor-container elementor-column-gap-no\">\n\t\t\t\t\t<div class=\"elementor-column elementor-col-33 elementor-inner-column elementor-element elementor-element-ca9f7ab\" data-id=\"ca9f7ab\" data-element_type=\"column\">\n\t\t\t<div class=\"elementor-widget-wrap\">\n\t\t\t\t\t\t\t<\/div>\n\t\t<\/div>\n\t\t\t\t<div class=\"elementor-column elementor-col-33 elementor-inner-column elementor-element elementor-element-d850ecf\" data-id=\"d850ecf\" data-element_type=\"column\">\n\t\t\t<div class=\"elementor-widget-wrap\">\n\t\t\t\t\t\t\t<\/div>\n\t\t<\/div>\n\t\t\t\t<div class=\"elementor-column elementor-col-33 elementor-inner-column elementor-element elementor-element-a9adebc\" data-id=\"a9adebc\" data-element_type=\"column\">\n\t\t\t<div class=\"elementor-widget-wrap\">\n\t\t\t\t\t\t\t<\/div>\n\t\t<\/div>\n\t\t\t\t\t<\/div>\n\t\t<\/section>\n\t\t\t\t<section class=\"elementor-section elementor-inner-section elementor-element elementor-element-2f410c2 elementor-section-full_width elementor-section-height-default elementor-section-height-default\" data-id=\"2f410c2\" data-element_type=\"section\">\n\t\t\t\t\t\t<div class=\"elementor-container elementor-column-gap-no\">\n\t\t\t\t\t<div class=\"elementor-column elementor-col-100 elementor-inner-column elementor-element elementor-element-6d6879d\" data-id=\"6d6879d\" data-element_type=\"column\">\n\t\t\t<div class=\"elementor-widget-wrap\">\n\t\t\t\t\t\t\t<\/div>\n\t\t<\/div>\n\t\t\t\t\t<\/div>\n\t\t<\/section>\n\t\t\t\t\t<\/div>\n\t\t<\/div>\n\t\t\t\t\t<\/div>\n\t\t<\/section>\n\t\t\t\t<\/div>","protected":false},"excerpt":{"rendered":"<p>Vestibulum dapibus ultrices arcu, id varius mauris viverra ac. Aliquam erat volutpat. Pellentesque commodo ut elit at gravida. Nunc ac entum condimentum ligula.<\/p>","protected":false},"featured_media":5049,"comment_status":"open","ping_status":"closed","template":"","meta":[],"product_cat":[74],"product_tag":[33],"class_list":{"0":"post-2290","1":"product","2":"type-product","3":"status-publish","4":"has-post-thumbnail","6":"product_cat-accessories","7":"product_tag-casual-chic","9":"first","10":"instock","11":"shipping-taxable","12":"purchasable","13":"product-type-variable"},"_links":{"self":[{"href":"https:\/\/www.global-sports.fr\/fr\/wp-json\/wp\/v2\/product\/2290","targetHints":{"allow":["GET"]}}],"collection":[{"href":"https:\/\/www.global-sports.fr\/fr\/wp-json\/wp\/v2\/product"}],"about":[{"href":"https:\/\/www.global-sports.fr\/fr\/wp-json\/wp\/v2\/types\/product"}],"replies":[{"embeddable":true,"href":"https:\/\/www.global-sports.fr\/fr\/wp-json\/wp\/v2\/comments?post=2290"}],"version-history":[{"count":1,"href":"https:\/\/www.global-sports.fr\/fr\/wp-json\/wp\/v2\/product\/2290\/revisions"}],"predecessor-version":[{"id":38047,"href":"https:\/\/www.global-sports.fr\/fr\/wp-json\/wp\/v2\/product\/2290\/revisions\/38047"}],"wp:featuredmedia":[{"embeddable":true,"href":"https:\/\/www.global-sports.fr\/fr\/wp-json\/wp\/v2\/media\/5049"}],"wp:attachment":[{"href":"https:\/\/www.global-sports.fr\/fr\/wp-json\/wp\/v2\/media?parent=2290"}],"wp:term":[{"taxonomy":"product_cat","embeddable":true,"href":"https:\/\/www.global-sports.fr\/fr\/wp-json\/wp\/v2\/product_cat?post=2290"},{"taxonomy":"product_tag","embeddable":true,"href":"https:\/\/www.global-sports.fr\/fr\/wp-json\/wp\/v2\/product_tag?post=2290"}],"curies":[{"name":"wp","href":"https:\/\/api.w.org\/{rel}","templated":true}]}}