{"id":4290,"date":"2025-10-14T19:05:03","date_gmt":"2025-10-14T19:05:03","guid":{"rendered":"https:\/\/www.global-sports.fr\/?post_type=product&#038;p=4290"},"modified":"2025-11-25T16:37:33","modified_gmt":"2025-11-25T16:37:33","slug":"dsfnslsdlfnlsdfsdnd-sfos-ndsdhfsdb","status":"publish","type":"product","link":"https:\/\/www.global-sports.fr\/fr\/produit\/dsfnslsdlfnlsdfsdnd-sfos-ndsdhfsdb\/","title":{"rendered":"Sacs BagUp"},"content":{"rendered":"<p>Les sacs BagUp sont con\u00e7us pour les clubs qui veulent allier style, praticit\u00e9 et identit\u00e9.<br \/>\nFabriqu\u00e9s en polyester 420D imperm\u00e9able, ils sont parfaits comme sac de sport ou pour transporter v\u00eatements mouill\u00e9s et affaires d'entra\u00eenement apr\u00e8s le match.<\/p>\n<p>\u26a1 L'option qui fait plaisir :<br \/>\nPersonnalisation avec le nom, les initiales ou le num\u00e9ro du joueur - pour un sac vraiment unique \u00e0 l'image de votre club.<\/p>","protected":false},"excerpt":{"rendered":"<p>description succincte du produit<\/p>","protected":false},"featured_media":4288,"comment_status":"open","ping_status":"closed","template":"","meta":[],"product_cat":[74],"product_tag":[],"class_list":{"0":"post-4290","1":"product","2":"type-product","3":"status-publish","4":"has-post-thumbnail","6":"product_cat-accessories","8":"first","9":"instock","10":"shipping-taxable","11":"product-type-simple"},"_links":{"self":[{"href":"https:\/\/www.global-sports.fr\/fr\/wp-json\/wp\/v2\/product\/4290","targetHints":{"allow":["GET"]}}],"collection":[{"href":"https:\/\/www.global-sports.fr\/fr\/wp-json\/wp\/v2\/product"}],"about":[{"href":"https:\/\/www.global-sports.fr\/fr\/wp-json\/wp\/v2\/types\/product"}],"replies":[{"embeddable":true,"href":"https:\/\/www.global-sports.fr\/fr\/wp-json\/wp\/v2\/comments?post=4290"}],"version-history":[{"count":4,"href":"https:\/\/www.global-sports.fr\/fr\/wp-json\/wp\/v2\/product\/4290\/revisions"}],"predecessor-version":[{"id":37803,"href":"https:\/\/www.global-sports.fr\/fr\/wp-json\/wp\/v2\/product\/4290\/revisions\/37803"}],"wp:featuredmedia":[{"embeddable":true,"href":"https:\/\/www.global-sports.fr\/fr\/wp-json\/wp\/v2\/media\/4288"}],"wp:attachment":[{"href":"https:\/\/www.global-sports.fr\/fr\/wp-json\/wp\/v2\/media?parent=4290"}],"wp:term":[{"taxonomy":"product_cat","embeddable":true,"href":"https:\/\/www.global-sports.fr\/fr\/wp-json\/wp\/v2\/product_cat?post=4290"},{"taxonomy":"product_tag","embeddable":true,"href":"https:\/\/www.global-sports.fr\/fr\/wp-json\/wp\/v2\/product_tag?post=4290"}],"curies":[{"name":"wp","href":"https:\/\/api.w.org\/{rel}","templated":true}]}}